{"id":97,"date":"2025-12-20T04:09:00","date_gmt":"2025-12-20T04:09:00","guid":{"rendered":"https:\/\/promosdapaloma.com\/grupodepromos\/?page_id=97"},"modified":"2026-02-27T14:36:50","modified_gmt":"2026-02-27T14:36:50","slug":"grupo1","status":"publish","type":"page","link":"https:\/\/promosdapaloma.com\/grupodepromos\/","title":{"rendered":"Grupo 1"},"content":{"rendered":"\t\t<div data-elementor-type=\"wp-page\" data-elementor-id=\"97\" class=\"elementor elementor-97\">\n\t\t\t\t<div class=\"elementor-element elementor-element-3b54ead e-flex e-con-boxed e-con e-parent\" data-id=\"3b54ead\" data-element_type=\"container\" data-settings=\"{&quot;background_background&quot;:&quot;classic&quot;}\">\n\t\t\t\t\t<div class=\"e-con-inner\">\n\t\t\t\t<div class=\"elementor-element elementor-element-b1c8fed elementor-widget elementor-widget-heading\" data-id=\"b1c8fed\" data-element_type=\"widget\" data-widget_type=\"heading.default\">\n\t\t\t\t\t<h2 class=\"elementor-heading-title elementor-size-default\">VOC\u00ca ACABOU DE ENCONTRAR O MELHOR GRUPO DE PROMOS DA INTERNET<\/h2>\t\t\t\t<\/div>\n\t\t\t\t<div class=\"elementor-element elementor-element-85866a1 elementor-widget elementor-widget-image\" data-id=\"85866a1\" data-element_type=\"widget\" data-widget_type=\"image.default\">\n\t\t\t\t\t\t\t\t\t\t\t\t\t\t\t<img fetchpriority=\"high\" decoding=\"async\" width=\"800\" height=\"800\" src=\"https:\/\/promosdapaloma.com\/grupodepromos\/wp-content\/uploads\/2025\/12\/promos-da-paloma.jpg\" class=\"attachment-large size-large wp-image-6\" alt=\"\" srcset=\"https:\/\/promosdapaloma.com\/grupodepromos\/wp-content\/uploads\/2025\/12\/promos-da-paloma.jpg 1024w, https:\/\/promosdapaloma.com\/grupodepromos\/wp-content\/uploads\/2025\/12\/promos-da-paloma-300x300.jpg 300w, https:\/\/promosdapaloma.com\/grupodepromos\/wp-content\/uploads\/2025\/12\/promos-da-paloma-150x150.jpg 150w, https:\/\/promosdapaloma.com\/grupodepromos\/wp-content\/uploads\/2025\/12\/promos-da-paloma-768x768.jpg 768w\" sizes=\"(max-width: 800px) 100vw, 800px\" \/>\t\t\t\t\t\t\t\t\t\t\t\t\t\t\t<\/div>\n\t\t\t\t\t<\/div>\n\t\t\t\t<\/div>\n\t\t<div class=\"elementor-element elementor-element-12479c6 e-flex e-con-boxed e-con e-parent\" data-id=\"12479c6\" data-element_type=\"container\" data-settings=\"{&quot;background_background&quot;:&quot;classic&quot;}\">\n\t\t\t\t\t<div class=\"e-con-inner\">\n\t\t\t\t<div class=\"elementor-element elementor-element-acb1d37 elementor-widget elementor-widget-text-editor\" data-id=\"acb1d37\" data-element_type=\"widget\" data-widget_type=\"text-editor.default\">\n\t\t\t\t\t\t\t\t\t<p>CUPONS, BUGS E DESCONTOS \ud83d\udecd\ufe0f<\/p><p>Junte-se agora mesmo ao grupo exclusivo de pessoas que aprenderam a economizar em itens de casa, beleza, moda e muito mais!\u00a0<\/p>\t\t\t\t\t\t\t\t<\/div>\n\t\t\t\t\t<\/div>\n\t\t\t\t<\/div>\n\t\t<div class=\"elementor-element elementor-element-5d5b2ea e-flex e-con-boxed e-con e-parent\" data-id=\"5d5b2ea\" data-element_type=\"container\" data-settings=\"{&quot;background_background&quot;:&quot;classic&quot;}\">\n\t\t\t\t\t<div class=\"e-con-inner\">\n\t\t\t\t<div class=\"elementor-element elementor-element-4b85985 elementor-mobile-align-center elementor-widget elementor-widget-button\" data-id=\"4b85985\" data-element_type=\"widget\" data-widget_type=\"button.default\">\n\t\t\t\t\t\t\t\t\t\t<a class=\"elementor-button elementor-button-link elementor-size-sm elementor-animation-grow\" href=\"https:\/\/promosdapaloma.com\/grupodepromos\/redirecionamento1\/\">\n\t\t\t\t\t\t<span class=\"elementor-button-content-wrapper\">\n\t\t\t\t\t\t\t\t\t<span class=\"elementor-button-text\">Clique aqui para entrar no grupo<\/span>\n\t\t\t\t\t<\/span>\n\t\t\t\t\t<\/a>\n\t\t\t\t\t\t\t\t<\/div>\n\t\t\t\t\t<\/div>\n\t\t\t\t<\/div>\n\t\t<div class=\"elementor-element elementor-element-10bc908 e-flex e-con-boxed e-con e-parent\" data-id=\"10bc908\" data-element_type=\"container\" data-settings=\"{&quot;background_background&quot;:&quot;classic&quot;}\">\n\t\t\t\t\t<div class=\"e-con-inner\">\n\t\t\t\t<div class=\"elementor-element elementor-element-671ae66 elementor-widget elementor-widget-heading\" data-id=\"671ae66\" data-element_type=\"widget\" data-widget_type=\"heading.default\">\n\t\t\t\t\t<h2 class=\"elementor-heading-title elementor-size-default\">\u00c9 CONFI\u00c1VEL? \nSim, somente os moderadores do grupo podem enviar promo\u00e7\u00f5es com links 100% seguros.<\/h2>\t\t\t\t<\/div>\n\t\t\t\t\t<\/div>\n\t\t\t\t<\/div>\n\t\t<div class=\"elementor-element elementor-element-33fe953 e-flex e-con-boxed e-con e-parent\" data-id=\"33fe953\" data-element_type=\"container\" data-settings=\"{&quot;background_background&quot;:&quot;classic&quot;}\">\n\t\t\t\t\t<div class=\"e-con-inner\">\n\t\t\t\t<div class=\"elementor-element elementor-element-c61aabb elementor-widget elementor-widget-text-editor\" data-id=\"c61aabb\" data-element_type=\"widget\" data-widget_type=\"text-editor.default\">\n\t\t\t\t\t\t\t\t\t<p>\u26a0\ufe0f Se o grupo nao abrir, clique nos tr\u00eas pontinhos no canto superior direito (&#8230;), e em seguida selecione &#8220;abrir no navegador externo&#8221;.<\/p>\t\t\t\t\t\t\t\t<\/div>\n\t\t\t\t\t<\/div>\n\t\t\t\t<\/div>\n\t\t<div class=\"elementor-element elementor-element-84de41f e-flex e-con-boxed e-con e-parent\" data-id=\"84de41f\" data-element_type=\"container\">\n\t\t\t\t\t<div class=\"e-con-inner\">\n\t\t\t\t<div class=\"elementor-element elementor-element-f7fbfac elementor-widget elementor-widget-html\" data-id=\"f7fbfac\" data-element_type=\"widget\" data-widget_type=\"html.default\">\n\t\t\t\t\t<script src=\"https:\/\/cdn.jsdelivr.net\/npm\/notiflix@2.6.0\/dist\/notiflix-aio-2.6.0.min.js\"><\/script>\n\n       <script> \/right-top, right-bottom, left-top, left-bottom, center-top, center-bottom, center-center\/\n        var position = \"center-bottom\";\n \n        \/verde, azul, vermelho, amarelo\/\n        var color = \"verde\";\n \n        \/fade, zoom, from-right, from-left, from-top, from-bottom\/\n        var animation = \"from-left\";\n \n        \/nome do produto\/\n        var product_name = \"\";\n \n        \/frase depois do nome da pessoa\/\n        var phrase = \"acabou de entrar\";\n        var timeout = 2000;\n \n        \/masc, fem, any\/\n        var type_name = \"fem\";\n        var msg_final = \"\";\n \n        var min_time = 2;\n        var max_time = 10;\n \n        var names_masc = ['Jose', 'Joao', 'Antonio', 'Francisco', 'Carlos', 'Paulo', 'Pedro', 'Lucas', 'Luiz', 'Marcos', 'Luis', 'Gabriel', 'Rafael', 'Daniel', 'Marcelo', 'Bruno', 'Eduardo', 'Felipe', 'Rodrigo', 'Manoel', 'Mateus', 'Andre', 'Fernando', 'Fabio', 'Leonardo', 'Gustavo', 'Guilherme', 'Leandro', 'Tiago', 'Anderson', 'Ricardo', 'Marcio', 'Jorge', 'Alexandre', 'Roberto', 'Edson', 'Diego', 'Vitor', 'Sergio', 'Claudio', 'Matheus', 'Thiago', 'Geraldo', 'Adriano', 'Luciano', 'Julio', 'Renato', 'Alex', 'Vinicius', 'Rogerio', 'Samuel', 'Ronaldo', 'Mario', 'Flavio', 'Douglas', 'Igor', 'Davi', 'Manuel', 'Jeferson', 'Cicero', 'Victor', 'Miguel', 'Robson', 'Mauricio', 'Danilo', 'Henrique', 'Caio', 'Reginaldo', 'Joaquim', 'Benedito', 'Gilberto', 'Marco', 'Alan', 'Nelson', 'Cristiano', 'Elias', 'Wilson', 'Valdir', 'Emerson', 'Luan', 'David', 'Renan', 'Severino', 'Fabricio', 'Mauro', 'Jonas', 'Gilmar', 'Jean', 'Fabiano', 'Wesley', 'Diogo', 'Adilson', 'Jair', 'Alessandro', 'Everton', 'Osvaldo', 'Gilson', 'Willian', 'Joel', 'Silvio', 'Helio', 'Maicon', 'Reinaldo', 'Pablo', 'Artur', 'Vagner', 'Valter', 'Celso', 'Ivan', 'Cleiton', 'Vanderlei', 'Vicente', 'Arthur', 'Milton', 'Domingos', 'Wagner', 'Sandro', 'Moises', 'Edilson', 'Ademir', 'Adao', 'Evandro', 'Cesar', 'Valmir', 'Murilo', 'Juliano', 'Edvaldo', 'Ailton', 'Junior', 'Breno', 'Nicolas', 'Ruan', 'Alberto', 'Rubens', 'Nilton', 'Augusto', 'Cleber', 'Osmar', 'Nilson', 'Hugo', 'Otavio', 'Vinicios', 'Italo', 'Wilian', 'Alisson', 'Aparecido'];\n        var names_fem = ['Nicole', 'Ana', 'Marcela', 'Amanda', 'Adriana', 'Juliana', 'Marcia', 'Fernanda', 'Patricia', 'Aline', 'Sandra', 'Camila', 'Amanda', 'Bruna', 'Jessica', 'Leticia', 'Julia', 'Luciana', 'Vanessa', 'Mariana', 'Gabriela', 'Vera', 'Vitoria', 'Larissa', 'Claudia', 'Beatriz', 'Rita', 'Luana', 'Sonia', 'Renata', 'Eliane'];\n \n        var option = {\n            position: position,\n            cssAnimationStyle: animation,\n            plainText: false,\n            timeout: timeout\n        };\n \n        function show_notification() {\n            if (type_name == \"masc\") {\n                msg_final = \"<strong>\" + names_masc[Math.floor(Math.random() * names_masc.length)] + \"<\/strong>\";\n            } else if (type_name == \"fem\") {\n                msg_final = \"<strong>\" + names_fem[Math.floor(Math.random() * names_fem.length)] + \"<\/strong>\";\n            } else {\n                var array_aux = [\"masc\", \"fem\"];\n \n                if (array_aux[Math.floor(Math.random() * array_aux.length)] == \"masc\") {\n                    msg_final = \"<strong>\" + names_masc[Math.floor(Math.random() * names_masc.length)] + \"<\/strong>\";\n                } else {\n                    msg_final = \"<strong>\" + names_fem[Math.floor(Math.random() * names_fem.length)] + \"<\/strong>\";\n                }\n            }\n \n            msg_final += decodeURIComponent(escape(\" \" + phrase + \" \" + product_name));\n \n            if (color == \"verde\") {\n                Notiflix.Notify.Success(msg_final, option);\n            }\n \n            if (color == \"azul\") {\n                Notiflix.Notify.Info(msg_final, option);\n            }\n \n            if (color == \"vermelho\") {\n                Notiflix.Notify.Failure(msg_final, option);\n            }\n \n            if (color == \"amarelo\") {\n                Notiflix.Notify.Warning(msg_final, option);\n            }\n \n            var rand = Math.floor(Math.random() * (max_time - min_time + 1) + min_time);\n            setTimeout(show_notification, rand * 1000);\n        }\n            setTimeout(show_notification, 4 * 1000);\n<\/script>\n\t\t\t\t<\/div>\n\t\t\t\t\t<\/div>\n\t\t\t\t<\/div>\n\t\t\t\t<\/div>\n\t\t","protected":false},"excerpt":{"rendered":"<p>VOC\u00ca ACABOU DE ENCONTRAR O MELHOR GRUPO DE PROMOS DA INTERNET CUPONS, BUGS E DESCONTOS \ud83d\udecd\ufe0f Junte-se agora mesmo ao grupo exclusivo de pessoas que aprenderam a economizar em itens de casa, beleza, moda e muito mais!\u00a0 Clique aqui para entrar no grupo \u00c9 CONFI\u00c1VEL? Sim, somente os moderadores do grupo podem enviar promo\u00e7\u00f5es com [&hellip;]<\/p>\n","protected":false},"author":1,"featured_media":0,"parent":0,"menu_order":0,"comment_status":"closed","ping_status":"closed","template":"elementor_canvas","meta":{"footnotes":""},"class_list":["post-97","page","type-page","status-publish","hentry"],"_hostinger_reach_plugin_has_subscription_block":false,"_hostinger_reach_plugin_is_elementor":false,"_links":{"self":[{"href":"https:\/\/promosdapaloma.com\/grupodepromos\/wp-json\/wp\/v2\/pages\/97","targetHints":{"allow":["GET"]}}],"collection":[{"href":"https:\/\/promosdapaloma.com\/grupodepromos\/wp-json\/wp\/v2\/pages"}],"about":[{"href":"https:\/\/promosdapaloma.com\/grupodepromos\/wp-json\/wp\/v2\/types\/page"}],"author":[{"embeddable":true,"href":"https:\/\/promosdapaloma.com\/grupodepromos\/wp-json\/wp\/v2\/users\/1"}],"replies":[{"embeddable":true,"href":"https:\/\/promosdapaloma.com\/grupodepromos\/wp-json\/wp\/v2\/comments?post=97"}],"version-history":[{"count":140,"href":"https:\/\/promosdapaloma.com\/grupodepromos\/wp-json\/wp\/v2\/pages\/97\/revisions"}],"predecessor-version":[{"id":396,"href":"https:\/\/promosdapaloma.com\/grupodepromos\/wp-json\/wp\/v2\/pages\/97\/revisions\/396"}],"wp:attachment":[{"href":"https:\/\/promosdapaloma.com\/grupodepromos\/wp-json\/wp\/v2\/media?parent=97"}],"curies":[{"name":"wp","href":"https:\/\/api.w.org\/{rel}","templated":true}]}}